{"id":464,"date":"2019-09-10T21:29:00","date_gmt":"2019-09-10T15:44:00","guid":{"rendered":"http:\/\/demo.themebeez.com\/demos-2\/orchid-store\/?page_id=464"},"modified":"2023-09-14T14:24:05","modified_gmt":"2023-09-14T11:24:05","slug":"contact","status":"publish","type":"page","link":"http:\/\/bimalzeme.net\/index.php\/contact\/","title":{"rendered":"\u0130leti\u015fim"},"content":{"rendered":"\r\n<p>\u00dcr\u00fcnlerimiz ile ilgili her konuda bizlere ula\u015fmaktan \u00e7ekinmeyiniz. Toplu al\u0131mlar\u0131n\u0131zda size \u00f6zel haz\u0131rlayaca\u011f\u0131m\u0131z iskontolu fiyatlar i\u00e7in de ileti\u015fime ge\u00e7ebilirsiniz.<\/p>\r\n\r\n\r\n<hr class=\"wp-block-separator is-style-wide\" \/>\r\n\r\n\r\n<div class=\"wp-block-spacer\" style=\"height: 40px;\" aria-hidden=\"true\">\u00a0<\/div>\r\n\r\n\r\n\r\n<div class=\"wp-block-columns has-2-columns is-layout-flex wp-container-core-columns-is-layout-9d6595d7 wp-block-columns-is-layout-flex\">\r\n<div class=\"wp-block-column is-layout-flow wp-block-column-is-layout-flow\">\r\n<h6 class=\"wp-block-heading\">\u0130LET\u0130\u015e\u0130M B\u0130LG\u0130LER\u0130M\u0130Z:<\/h6>\r\n\r\n\r\n\r\n<p><strong>Adres:<\/strong> Selahaddin Eyy\u00fcbi Mh. 1538 Sk. No:34<\/p>\r\n\r\n\r\n\r\n<p><strong>Tel: <\/strong>+90 (212) 721 33 33<\/p>\r\n\r\n\r\n\r\n<p><strong>Email: <\/strong>info@bimalzeme.net<\/p>\r\n\r\n\r\n\r\n<p>Adres bilgimiz i\u00e7in a\u015fa\u011f\u0131da bulunan haritadan da faydalanabilirsiniz.<\/p>\r\n<\/div>\r\n\r\n\r\n\r\n<div class=\"wp-block-column is-layout-flow wp-block-column-is-layout-flow\">\u00a0HARITA EKLENECEK\u00a0<\/div>\r\n<\/div>\r\n\r\n\r\n\r\n<div class=\"wp-block-spacer\" style=\"height: 30px;\" aria-hidden=\"true\">\u00a0<\/div>\r\n\r\n\r\n\r\n\r\n\r\n\r\n<p>\u0130LET\u0130\u015e\u0130M FORM EKLENECEK<\/p>\n","protected":false},"excerpt":{"rendered":"<p>\u00dcr\u00fcnlerimiz ile ilgili her konuda bizlere ula\u015fmaktan \u00e7ekinmeyiniz. Toplu al\u0131mlar\u0131n\u0131zda size \u00f6zel haz\u0131rlayaca\u011f\u0131m\u0131z iskontolu fiyatlar i\u00e7in de ileti\u015fime ge\u00e7ebilirsiniz. \u0130LET\u0130\u015e\u0130M B\u0130LG\u0130LER\u0130M\u0130Z: Adres: Selahaddin Eyy\u00fcbi Mh. 1538 Sk. No:34 Tel: +90<\/p>\n","protected":false},"author":1,"featured_media":0,"parent":0,"menu_order":0,"comment_status":"closed","ping_status":"closed","template":"","meta":{"footnotes":""},"class_list":{"1":"page","2":"type-page","3":"status-publish","4":"hentry"},"_links":{"self":[{"href":"http:\/\/bimalzeme.net\/index.php\/wp-json\/wp\/v2\/pages\/464","targetHints":{"allow":["GET"]}}],"collection":[{"href":"http:\/\/bimalzeme.net\/index.php\/wp-json\/wp\/v2\/pages"}],"about":[{"href":"http:\/\/bimalzeme.net\/index.php\/wp-json\/wp\/v2\/types\/page"}],"author":[{"embeddable":true,"href":"http:\/\/bimalzeme.net\/index.php\/wp-json\/wp\/v2\/users\/1"}],"replies":[{"embeddable":true,"href":"http:\/\/bimalzeme.net\/index.php\/wp-json\/wp\/v2\/comments?post=464"}],"version-history":[{"count":2,"href":"http:\/\/bimalzeme.net\/index.php\/wp-json\/wp\/v2\/pages\/464\/revisions"}],"predecessor-version":[{"id":840,"href":"http:\/\/bimalzeme.net\/index.php\/wp-json\/wp\/v2\/pages\/464\/revisions\/840"}],"wp:attachment":[{"href":"http:\/\/bimalzeme.net\/index.php\/wp-json\/wp\/v2\/media?parent=464"}],"curies":[{"name":"wp","href":"https:\/\/api.w.org\/{rel}","templated":true}]}}