{"id":103,"date":"2019-07-16T08:40:21","date_gmt":"2019-07-16T05:40:21","guid":{"rendered":"https:\/\/demo.themebeez.com\/demos-2\/orchid-store\/?post_type=product&#038;p=103"},"modified":"2023-09-14T14:03:03","modified_gmt":"2023-09-14T11:03:03","slug":"wireless-mouse","status":"publish","type":"product","link":"https:\/\/bimalzeme.net\/index.php\/urun\/wireless-mouse\/","title":{"rendered":"Deneme \u00dcr\u00fcn202"},"content":{"rendered":"<p>Deneme \u00dcr\u00fcn201 Deneme \u00dcr\u00fcn201 Deneme \u00dcr\u00fcn201 Deneme \u00dcr\u00fcn201 Deneme \u00dcr\u00fcn201 Deneme \u00dcr\u00fcn201 Deneme \u00dcr\u00fcn201 Deneme \u00dcr\u00fcn201 Deneme \u00dcr\u00fcn201 Deneme \u00dcr\u00fcn201 Deneme \u00dcr\u00fcn201 Deneme \u00dcr\u00fcn201 Deneme \u00dcr\u00fcn201 Deneme \u00dcr\u00fcn201 Deneme \u00dcr\u00fcn201 Deneme \u00dcr\u00fcn201 Deneme \u00dcr\u00fcn201 Deneme \u00dcr\u00fcn201<\/p>\n","protected":false},"excerpt":{"rendered":"<p>Deneme \u00dcr\u00fcn201 Deneme \u00dcr\u00fcn201 Deneme \u00dcr\u00fcn201 Deneme \u00dcr\u00fcn201 Deneme \u00dcr\u00fcn201<\/p>\n","protected":false},"featured_media":827,"comment_status":"open","ping_status":"closed","template":"","meta":[],"product_cat":[101],"product_tag":[],"class_list":{"0":"post-103","1":"product","2":"type-product","3":"status-publish","5":"hentry","6":"product_cat-kullukler"},"_links":{"self":[{"href":"https:\/\/bimalzeme.net\/index.php\/wp-json\/wp\/v2\/product\/103","targetHints":{"allow":["GET"]}}],"collection":[{"href":"https:\/\/bimalzeme.net\/index.php\/wp-json\/wp\/v2\/product"}],"about":[{"href":"https:\/\/bimalzeme.net\/index.php\/wp-json\/wp\/v2\/types\/product"}],"replies":[{"embeddable":true,"href":"https:\/\/bimalzeme.net\/index.php\/wp-json\/wp\/v2\/comments?post=103"}],"wp:featuredmedia":[{"embeddable":true,"href":"https:\/\/bimalzeme.net\/index.php\/wp-json\/wp\/v2\/media\/827"}],"wp:attachment":[{"href":"https:\/\/bimalzeme.net\/index.php\/wp-json\/wp\/v2\/media?parent=103"}],"wp:term":[{"taxonomy":"product_cat","embeddable":true,"href":"https:\/\/bimalzeme.net\/index.php\/wp-json\/wp\/v2\/product_cat?post=103"},{"taxonomy":"product_tag","embeddable":true,"href":"https:\/\/bimalzeme.net\/index.php\/wp-json\/wp\/v2\/product_tag?post=103"}],"curies":[{"name":"wp","href":"https:\/\/api.w.org\/{rel}","templated":true}]}}