{"id":296,"date":"2019-09-09T21:21:01","date_gmt":"2019-09-09T18:21:01","guid":{"rendered":"http:\/\/demo.themebeez.com\/demos-2\/orchid-store\/?post_type=product&#038;p=296"},"modified":"2023-09-14T13:53:19","modified_gmt":"2023-09-14T10:53:19","slug":"white-pink-black-ladies-fitness-dress","status":"publish","type":"product","link":"https:\/\/bimalzeme.net\/index.php\/urun\/white-pink-black-ladies-fitness-dress\/","title":{"rendered":"deneme \u00fcr\u00fcn15"},"content":{"rendered":"<p>deneme \u00fcr\u00fcn deneme \u00fcr\u00fcn deneme \u00fcr\u00fcn deneme \u00fcr\u00fcn deneme \u00fcr\u00fcn deneme \u00fcr\u00fcn deneme \u00fcr\u00fcn deneme \u00fcr\u00fcn deneme \u00fcr\u00fcn deneme \u00fcr\u00fcn deneme \u00fcr\u00fcn deneme \u00fcr\u00fcn deneme \u00fcr\u00fcn deneme \u00fcr\u00fcn deneme \u00fcr\u00fcn deneme \u00fcr\u00fcn deneme \u00fcr\u00fcn deneme \u00fcr\u00fcn deneme \u00fcr\u00fcn deneme \u00fcr\u00fcn deneme \u00fcr\u00fcn deneme \u00fcr\u00fcn deneme \u00fcr\u00fcn deneme \u00fcr\u00fcn deneme \u00fcr\u00fcn deneme \u00fcr\u00fcn deneme \u00fcr\u00fcn deneme \u00fcr\u00fcn deneme \u00fcr\u00fcn deneme \u00fcr\u00fcn deneme \u00fcr\u00fcn deneme \u00fcr\u00fcn deneme \u00fcr\u00fcn deneme \u00fcr\u00fcn deneme \u00fcr\u00fcn deneme \u00fcr\u00fcn deneme \u00fcr\u00fcn deneme \u00fcr\u00fcn deneme \u00fcr\u00fcn deneme \u00fcr\u00fcn deneme \u00fcr\u00fcn deneme \u00fcr\u00fcn deneme \u00fcr\u00fcn deneme \u00fcr\u00fcn deneme \u00fcr\u00fcn deneme \u00fcr\u00fcn<\/p>\n","protected":false},"excerpt":{"rendered":"<p>deneme \u00fcr\u00fcn deneme \u00fcr\u00fcn deneme \u00fcr\u00fcn deneme \u00fcr\u00fcn deneme \u00fcr\u00fcn deneme \u00fcr\u00fcn deneme \u00fcr\u00fcn deneme \u00fcr\u00fcn deneme \u00fcr\u00fcn deneme \u00fcr\u00fcn<\/p>\n","protected":false},"featured_media":792,"comment_status":"open","ping_status":"closed","template":"","meta":[],"product_cat":[70],"product_tag":[],"class_list":{"0":"post-296","1":"product","2":"type-product","3":"status-publish","5":"hentry","6":"product_cat-kovalar"},"_links":{"self":[{"href":"https:\/\/bimalzeme.net\/index.php\/wp-json\/wp\/v2\/product\/296","targetHints":{"allow":["GET"]}}],"collection":[{"href":"https:\/\/bimalzeme.net\/index.php\/wp-json\/wp\/v2\/product"}],"about":[{"href":"https:\/\/bimalzeme.net\/index.php\/wp-json\/wp\/v2\/types\/product"}],"replies":[{"embeddable":true,"href":"https:\/\/bimalzeme.net\/index.php\/wp-json\/wp\/v2\/comments?post=296"}],"wp:featuredmedia":[{"embeddable":true,"href":"https:\/\/bimalzeme.net\/index.php\/wp-json\/wp\/v2\/media\/792"}],"wp:attachment":[{"href":"https:\/\/bimalzeme.net\/index.php\/wp-json\/wp\/v2\/media?parent=296"}],"wp:term":[{"taxonomy":"product_cat","embeddable":true,"href":"https:\/\/bimalzeme.net\/index.php\/wp-json\/wp\/v2\/product_cat?post=296"},{"taxonomy":"product_tag","embeddable":true,"href":"https:\/\/bimalzeme.net\/index.php\/wp-json\/wp\/v2\/product_tag?post=296"}],"curies":[{"name":"wp","href":"https:\/\/api.w.org\/{rel}","templated":true}]}}