{"id":328,"date":"2019-09-09T22:05:35","date_gmt":"2019-09-09T19:05:35","guid":{"rendered":"http:\/\/demo.themebeez.com\/demos-2\/orchid-store\/?post_type=product&#038;p=328"},"modified":"2023-09-14T13:51:25","modified_gmt":"2023-09-14T10:51:25","slug":"super-hydro-beer-volume-8-percent","status":"publish","type":"product","link":"https:\/\/bimalzeme.net\/index.php\/urun\/super-hydro-beer-volume-8-percent\/","title":{"rendered":"deneme \u00fcr\u00fcn7"},"content":{"rendered":"<p>deneme \u00fcr\u00fcn deneme \u00fcr\u00fcn deneme \u00fcr\u00fcn deneme \u00fcr\u00fcn deneme \u00fcr\u00fcn deneme \u00fcr\u00fcn deneme \u00fcr\u00fcn deneme \u00fcr\u00fcn deneme \u00fcr\u00fcn deneme \u00fcr\u00fcn deneme \u00fcr\u00fcn deneme \u00fcr\u00fcn vdeneme \u00fcr\u00fcn deneme \u00fcr\u00fcn deneme \u00fcr\u00fcn deneme \u00fcr\u00fcn deneme \u00fcr\u00fcn deneme \u00fcr\u00fcn<\/p>\n<p>&nbsp;<\/p>\n","protected":false},"excerpt":{"rendered":"<p>deneme \u00fcr\u00fcn deneme \u00fcr\u00fcn deneme \u00fcr\u00fcn deneme \u00fcr\u00fcn deneme \u00fcr\u00fcn deneme \u00fcr\u00fcn deneme \u00fcr\u00fcn deneme \u00fcr\u00fcn deneme \u00fcr\u00fcn deneme \u00fcr\u00fcn deneme \u00fcr\u00fcn deneme \u00fcr\u00fcn deneme \u00fcr\u00fcn deneme \u00fcr\u00fcn<\/p>\n","protected":false},"featured_media":784,"comment_status":"open","ping_status":"closed","template":"","meta":[],"product_cat":[64],"product_tag":[],"class_list":{"0":"post-328","1":"product","2":"type-product","3":"status-publish","5":"hentry","6":"product_cat-konteyner"},"_links":{"self":[{"href":"https:\/\/bimalzeme.net\/index.php\/wp-json\/wp\/v2\/product\/328","targetHints":{"allow":["GET"]}}],"collection":[{"href":"https:\/\/bimalzeme.net\/index.php\/wp-json\/wp\/v2\/product"}],"about":[{"href":"https:\/\/bimalzeme.net\/index.php\/wp-json\/wp\/v2\/types\/product"}],"replies":[{"embeddable":true,"href":"https:\/\/bimalzeme.net\/index.php\/wp-json\/wp\/v2\/comments?post=328"}],"wp:featuredmedia":[{"embeddable":true,"href":"https:\/\/bimalzeme.net\/index.php\/wp-json\/wp\/v2\/media\/784"}],"wp:attachment":[{"href":"https:\/\/bimalzeme.net\/index.php\/wp-json\/wp\/v2\/media?parent=328"}],"wp:term":[{"taxonomy":"product_cat","embeddable":true,"href":"https:\/\/bimalzeme.net\/index.php\/wp-json\/wp\/v2\/product_cat?post=328"},{"taxonomy":"product_tag","embeddable":true,"href":"https:\/\/bimalzeme.net\/index.php\/wp-json\/wp\/v2\/product_tag?post=328"}],"curies":[{"name":"wp","href":"https:\/\/api.w.org\/{rel}","templated":true}]}}