{"id":68,"date":"2019-07-16T07:53:07","date_gmt":"2019-07-16T04:53:07","guid":{"rendered":"https:\/\/demo.themebeez.com\/demos-2\/orchid-store\/?post_type=product&#038;p=68"},"modified":"2023-09-14T14:04:28","modified_gmt":"2023-09-14T11:04:28","slug":"working-desk","status":"publish","type":"product","link":"https:\/\/bimalzeme.net\/index.php\/urun\/working-desk\/","title":{"rendered":"Deneme \u00dcr\u00fcn309"},"content":{"rendered":"<p>Deneme \u00dcr\u00fcn301 Deneme \u00dcr\u00fcn301 Deneme \u00dcr\u00fcn301 Deneme \u00dcr\u00fcn301 Deneme \u00dcr\u00fcn301 Deneme \u00dcr\u00fcn301 Deneme \u00dcr\u00fcn301 Deneme \u00dcr\u00fcn301 Deneme \u00dcr\u00fcn301 Deneme \u00dcr\u00fcn301 Deneme \u00dcr\u00fcn301 Deneme \u00dcr\u00fcn301 Deneme \u00dcr\u00fcn301 Deneme \u00dcr\u00fcn301 Deneme \u00dcr\u00fcn301 Deneme \u00dcr\u00fcn301 Deneme \u00dcr\u00fcn301 Deneme \u00dcr\u00fcn301 Deneme \u00dcr\u00fcn301<\/p>\n","protected":false},"excerpt":{"rendered":"<p>Deneme \u00dcr\u00fcn301 Deneme \u00dcr\u00fcn301 Deneme \u00dcr\u00fcn301 Deneme \u00dcr\u00fcn301 Deneme \u00dcr\u00fcn301 Deneme \u00dcr\u00fcn301 Deneme \u00dcr\u00fcn301 Deneme \u00dcr\u00fcn301 Deneme \u00dcr\u00fcn301 Deneme \u00dcr\u00fcn301 Deneme \u00dcr\u00fcn301 Deneme \u00dcr\u00fcn301<\/p>\n","protected":false},"featured_media":834,"comment_status":"open","ping_status":"closed","template":"","meta":[],"product_cat":[81],"product_tag":[],"class_list":{"0":"post-68","1":"product","2":"type-product","3":"status-publish","5":"hentry","6":"product_cat-geridonusum"},"_links":{"self":[{"href":"https:\/\/bimalzeme.net\/index.php\/wp-json\/wp\/v2\/product\/68","targetHints":{"allow":["GET"]}}],"collection":[{"href":"https:\/\/bimalzeme.net\/index.php\/wp-json\/wp\/v2\/product"}],"about":[{"href":"https:\/\/bimalzeme.net\/index.php\/wp-json\/wp\/v2\/types\/product"}],"replies":[{"embeddable":true,"href":"https:\/\/bimalzeme.net\/index.php\/wp-json\/wp\/v2\/comments?post=68"}],"wp:featuredmedia":[{"embeddable":true,"href":"https:\/\/bimalzeme.net\/index.php\/wp-json\/wp\/v2\/media\/834"}],"wp:attachment":[{"href":"https:\/\/bimalzeme.net\/index.php\/wp-json\/wp\/v2\/media?parent=68"}],"wp:term":[{"taxonomy":"product_cat","embeddable":true,"href":"https:\/\/bimalzeme.net\/index.php\/wp-json\/wp\/v2\/product_cat?post=68"},{"taxonomy":"product_tag","embeddable":true,"href":"https:\/\/bimalzeme.net\/index.php\/wp-json\/wp\/v2\/product_tag?post=68"}],"curies":[{"name":"wp","href":"https:\/\/api.w.org\/{rel}","templated":true}]}}